{"id":19,"date":"2025-02-17T23:22:09","date_gmt":"2025-02-17T23:22:09","guid":{"rendered":"https:\/\/idyhaced.com\/?page_id=19"},"modified":"2025-07-04T03:53:35","modified_gmt":"2025-07-04T03:53:35","slug":"generosidad","status":"publish","type":"page","link":"https:\/\/idyhaced.com\/en\/generosidad\/","title":{"rendered":"Give"},"content":{"rendered":"<div data-elementor-type=\"wp-page\" data-elementor-id=\"19\" class=\"elementor elementor-19\" data-elementor-post-type=\"page\">\n\t\t\t\t<div class=\"elementor-element elementor-element-753b6ba e-con-full e-flex e-con e-parent\" data-id=\"753b6ba\" data-element_type=\"container\">\n\t\t\t\t<div class=\"elementor-element elementor-element-fb487ee finisher-header elementor-widget elementor-widget-html\" data-id=\"fb487ee\" data-element_type=\"widget\" data-widget_type=\"html.default\">\n\t\t\t\t<div class=\"elementor-widget-container\">\n\t\t\t\t\t<!-- Div donde se aplicar\u00e1 el efecto -->\n<div class=\"finisher-header\"><\/div>\n\n<script>\ndocument.addEventListener(\"DOMContentLoaded\", function() {\n  new FinisherHeader({\n    \"count\": 10,\n    \"size\": {\n      \"min\": 1900,\n      \"max\": 3700,\n      \"pulse\": 0\n    },\n    \"speed\": {\n      \"x\": {\n        \"min\": 0.1,\n        \"max\": 0.6\n      },\n      \"y\": {\n        \"min\": 0.1,\n        \"max\": 0.6\n      }\n    },\n    \"colors\": {\n      \"background\": \"#070d13\",\n      \"particles\": [\n        \"#162d53\",\n        \"#000000\",\n        \"#353fa2\",\n        \"#000000\",\n        \"#334251\"\n      ]\n    },\n    \"blending\": \"overlay\",\n    \"opacity\": {\n      \"center\": 0.5,\n      \"edge\": 0.05\n    },\n    \"skew\": 0,\n    \"shapes\": [\n      \"c\"\n    ]\n  });\n});\n<\/script>\t\t\t\t<\/div>\n\t\t\t\t<\/div>\n\t\t<div class=\"elementor-element elementor-element-8f12c7a e-con-full efecto-container-contacto e-flex e-con e-child\" data-id=\"8f12c7a\" data-element_type=\"container\" data-settings=\"{&quot;position&quot;:&quot;absolute&quot;}\">\n\t\t\t\t<\/div>\n\t\t<div class=\"elementor-element elementor-element-7bfa83a e-con-full e-flex e-con e-child\" data-id=\"7bfa83a\" data-element_type=\"container\">\n\t\t<div class=\"elementor-element elementor-element-71a007a e-con-full e-flex e-con e-child\" data-id=\"71a007a\" data-element_type=\"container\">\n\t\t\t\t<div class=\"elementor-element elementor-element-18dd838 elementor-widget elementor-widget-heading\" data-id=\"18dd838\" data-element_type=\"widget\" data-widget_type=\"heading.default\">\n\t\t\t\t<div class=\"elementor-widget-container\">\n\t\t\t\t\t<h2 class=\"elementor-heading-title elementor-size-default\">JOIN WHAT GOD IS ALREADY DOING<\/h2>\t\t\t\t<\/div>\n\t\t\t\t<\/div>\n\t\t\t\t<div class=\"elementor-element elementor-element-5cdec9e elementor-widget elementor-widget-text-editor\" data-id=\"5cdec9e\" data-element_type=\"widget\" data-widget_type=\"text-editor.default\">\n\t\t\t\t<div class=\"elementor-widget-container\">\n\t\t\t\t\t\t\t\t\t<p class=\"\" data-start=\"1114\" data-end=\"1189\">ID&amp;Haced is not just an association\u2014it is a mission shared by many.<\/p><p class=\"\" data-start=\"1196\" data-end=\"1404\">We unite as evangelists and pastors from different churches, setting aside our differences to embrace an eternal purpose: that every soul in Chile and around the world would have the opportunity to hear the message of Jesus.<\/p><p class=\"\" data-start=\"1411\" data-end=\"1568\">With the resources God has placed in our hands\u2014stages, sound, lighting, and technical equipment\u2014we serve communities and congregations free of charge.<\/p><p class=\"\" data-start=\"1575\" data-end=\"1763\">Your support enables this mission to continue, ensuring that each campaign has what it needs and that more people can experience the power of the gospel. Thank you for walking with us.<\/p>\t\t\t\t\t\t\t\t<\/div>\n\t\t\t\t<\/div>\n\t\t\t\t<\/div>\n\t\t\t\t<\/div>\n\t\t<div class=\"elementor-element elementor-element-c92e37e e-con-full e-flex e-con e-child\" data-id=\"c92e37e\" data-element_type=\"container\">\n\t\t<div class=\"elementor-element elementor-element-23b52fa e-con-full e-flex e-con e-child\" data-id=\"23b52fa\" data-element_type=\"container\">\n\t\t<div class=\"elementor-element elementor-element-38ceb47 e-con-full e-flex e-con e-child\" data-id=\"38ceb47\" data-element_type=\"container\">\n\t\t\t\t<div class=\"elementor-element elementor-element-a703e55 elementor-widget elementor-widget-heading\" data-id=\"a703e55\" data-element_type=\"widget\" data-widget_type=\"heading.default\">\n\t\t\t\t<div class=\"elementor-widget-container\">\n\t\t\t\t\t<h2 class=\"elementor-heading-title elementor-size-default\">\ud83d\udc97 You can support us in the way that works best for you<\/h2>\t\t\t\t<\/div>\n\t\t\t\t<\/div>\n\t\t\t\t<\/div>\n\t\t\t\t<\/div>\n\t\t<div class=\"elementor-element elementor-element-ac2d07b e-con-full e-flex e-con e-child\" data-id=\"ac2d07b\" data-element_type=\"container\" id=\"donacion-intl\">\n\t\t<div class=\"elementor-element elementor-element-23e8409 e-con-full e-flex e-con e-child\" data-id=\"23e8409\" data-element_type=\"container\">\n\t\t\t\t<div class=\"elementor-element elementor-element-3a11f58 elementor-widget elementor-widget-html\" data-id=\"3a11f58\" data-element_type=\"widget\" data-widget_type=\"html.default\">\n\t\t\t\t<div class=\"elementor-widget-container\">\n\t\t\t\t\t<a href=\"https:\/\/www.paypal.com\/donate\/?hosted_button_id=YLE6NMWRB9JU6\"\n   target=\"_blank\" rel=\"noopener\"\n   class=\"qr-donate-link\">\n  <img decoding=\"async\" src=\"https:\/\/idyhaced.com\/wp-content\/uploads\/2025\/06\/QR-Code.png\"\n       alt=\"Donate with QR Code\" class=\"qr-donate-img\">\n  <div class=\"qr-caption\">\ud83d\udcf2 Tap the image or scan the QR code to donate<\/div>\n<\/a>\n\n\t\t\t\t<\/div>\n\t\t\t\t<\/div>\n\t\t\t\t<div class=\"elementor-element elementor-element-c1a24e5 elementor-widget elementor-widget-html\" data-id=\"c1a24e5\" data-element_type=\"widget\" data-widget_type=\"html.default\">\n\t\t\t\t<div class=\"elementor-widget-container\">\n\t\t\t\t\t<style>\n.qr-donate-link {\n  display: inline-block;\n  text-align: center;\n  background: #ffffff;\n  border: 2px solid #ccc;\n  border-radius: 16px;\n  padding: 16px;\n  text-decoration: none;\n  transition: transform 0.2s, box-shadow 0.2s;\n  max-width: 260px;\n  margin: 0 auto;\n  box-shadow: 0 4px 10px rgba(0,0,0,0.05);\n}\n.qr-donate-link:hover {\n  transform: scale(1.03);\n  box-shadow: 0 6px 14px rgba(0,0,0,0.1);\n}\n.qr-donate-img {\n  width: 180px;\n  height: auto;\n  border-radius: 12px;\n  margin-bottom: 8px;\n}\n.qr-caption {\n  font-size: 15px;\n  color: #333;\n  font-weight: 600;\n}\n<\/style>\t\t\t\t<\/div>\n\t\t\t\t<\/div>\n\t\t\t\t<\/div>\n\t\t<div class=\"elementor-element elementor-element-f1fc03d e-con-full e-flex e-con e-child\" data-id=\"f1fc03d\" data-element_type=\"container\">\n\t\t\t\t<div class=\"elementor-element elementor-element-b870057 elementor-widget elementor-widget-html\" data-id=\"b870057\" data-element_type=\"widget\" data-widget_type=\"html.default\">\n\t\t\t\t<div class=\"elementor-widget-container\">\n\t\t\t\t\t<a href=\"https:\/\/www.paypal.com\/donate\/?hosted_button_id=YLE6NMWRB9JU6\"\n   class=\"btn-paypal\" target=\"_blank\" rel=\"noopener\">\n  <span class=\"paypal-logo-wrapper\">\n    <img decoding=\"async\" src=\"https:\/\/www.paypalobjects.com\/webstatic\/mktg\/logo\/pp_cc_mark_111x69.jpg\"\n         alt=\"PayPal\" class=\"paypal-logo\" \/>\n  <\/span>\n  Donate with PayPal\n<\/a>\n\n\t\t\t\t<\/div>\n\t\t\t\t<\/div>\n\t\t\t\t<\/div>\n\t\t<div class=\"elementor-element elementor-element-76a2285 e-con-full e-flex e-con e-child\" data-id=\"76a2285\" data-element_type=\"container\">\n\t\t\t\t<div class=\"elementor-element elementor-element-7fa7796 elementor-widget elementor-widget-html\" data-id=\"7fa7796\" data-element_type=\"widget\" data-widget_type=\"html.default\">\n\t\t\t\t<div class=\"elementor-widget-container\">\n\t\t\t\t\t<a href=\"https:\/\/www.paypal.com\/donate\/?hosted_button_id=YLE6NMWRB9JU6\"\n   class=\"btn-card-credit\" target=\"_blank\" rel=\"noopener\">\n  \ud83d\udcb3 Donate with Debit or Credit Card\n<\/a>\n\n\t\t\t\t<\/div>\n\t\t\t\t<\/div>\n\t\t\t\t<\/div>\n\t\t\t\t<div class=\"elementor-element elementor-element-2f7936b elementor-widget elementor-widget-html\" data-id=\"2f7936b\" data-element_type=\"widget\" data-widget_type=\"html.default\">\n\t\t\t\t<div class=\"elementor-widget-container\">\n\t\t\t\t\t<style>\n\/* Estilo general *\/\n.btn-paypal, .btn-card-credit {\n  display: inline-flex;\n  align-items: center;\n  justify-content: center;\n  font-weight: 700;\n  font-size: 16px;\n  border-radius: 12px;\n  padding: 14px 28px;\n  text-decoration: none;\n  transition: all 0.2s ease-in-out;\n  min-width: 300px;\n  min-height: 56px;\n  box-shadow: 0 3px 8px rgba(0,0,0,0.06);\n  gap: 10px; \/* Espacio entre \u00edcono y texto *\/\n}\n\n\/* PayPal *\/\n.btn-paypal {\n  background-color: #ffc439;\n  color: #003087;\n  border: none;\n}\n.btn-paypal:hover {\n  background-color: #ffb347;\n  transform: scale(1.03);\n}\n.paypal-logo-wrapper {\n height: 24px;\n  width: 36px;\n  border-radius: 4px;\n  overflow: hidden;\n  display: inline-block;\n}\n\n\/* Card *\/\n.btn-card-credit {\n  background-color: #ffffff;\n  border: 2px solid #003087;\n  color: #003087;\n}\n.btn-card-credit:hover {\n  background-color: #e6f0ff;\n  transform: scale(1.03);\n}\n<\/style>\n\t\t\t\t<\/div>\n\t\t\t\t<\/div>\n\t\t\t\t<\/div>\n\t\t<div class=\"elementor-element elementor-element-7c0beb4 e-con-full e-flex e-con e-child\" data-id=\"7c0beb4\" data-element_type=\"container\" id=\"donacion-clp\">\n\t\t<div class=\"elementor-element elementor-element-e1a1518 e-con-full selector e-flex e-con e-child\" data-id=\"e1a1518\" data-element_type=\"container\" data-settings=\"{&quot;background_background&quot;:&quot;classic&quot;}\">\n\t\t\t\t<div class=\"elementor-element elementor-element-19b45a2 elementor-widget elementor-widget-html\" data-id=\"19b45a2\" data-element_type=\"widget\" data-widget_type=\"html.default\">\n\t\t\t\t<div class=\"elementor-widget-container\">\n\t\t\t\t\t<script>\n  document.addEventListener(\"DOMContentLoaded\", function () {\n    const montos = document.querySelector(\".contenedor-montos\");\n    const btnUnaVez = document.querySelector(\".btnUnaVez\");\n\n    if (montos) montos.style.display = \"none\";\n\n    if (btnUnaVez) {\n      btnUnaVez.addEventListener(\"click\", function (e) {\n        e.preventDefault();\n        const visible = montos.style.display === \"block\";\n        montos.style.display = visible ? \"none\" : \"block\";\n      });\n    }\n  });\n<\/script>\n\n\n\n\n\t\t\t\t<\/div>\n\t\t\t\t<\/div>\n\t\t<div class=\"elementor-element elementor-element-e7441b9 e-con-full e-flex e-con e-child\" data-id=\"e7441b9\" data-element_type=\"container\">\n\t\t\t\t<div class=\"elementor-element elementor-element-9a8c41a elementor-widget elementor-widget-heading\" data-id=\"9a8c41a\" data-element_type=\"widget\" data-widget_type=\"heading.default\">\n\t\t\t\t<div class=\"elementor-widget-container\">\n\t\t\t\t\t<h2 class=\"elementor-heading-title elementor-size-default\">\ud83d\udc96 Thank you so much for your support<\/h2>\t\t\t\t<\/div>\n\t\t\t\t<\/div>\n\t\t\t\t<div class=\"elementor-element elementor-element-24bde49 elementor-widget elementor-widget-heading\" data-id=\"24bde49\" data-element_type=\"widget\" data-widget_type=\"heading.default\">\n\t\t\t\t<div class=\"elementor-widget-container\">\n\t\t\t\t\t<h2 class=\"elementor-heading-title elementor-size-default\">Choose a giving option<\/h2>\t\t\t\t<\/div>\n\t\t\t\t<\/div>\n\t\t<div class=\"elementor-element elementor-element-e27396c e-con-full e-flex e-con e-child\" data-id=\"e27396c\" data-element_type=\"container\" id=\"mostrarMontos\">\n\t\t\t\t<div class=\"elementor-element elementor-element-f3e919b btnUnaVez elementor-widget elementor-widget-button\" data-id=\"f3e919b\" data-element_type=\"widget\" data-widget_type=\"button.default\">\n\t\t\t\t<div class=\"elementor-widget-container\">\n\t\t\t\t\t\t\t\t\t<div class=\"elementor-button-wrapper\">\n\t\t\t\t\t<a class=\"elementor-button elementor-button-link elementor-size-sm elementor-animation-pulse\" href=\"#\">\n\t\t\t\t\t\t<span class=\"elementor-button-content-wrapper\">\n\t\t\t\t\t\t\t\t\t<span class=\"elementor-button-text\">One-Time<\/span>\n\t\t\t\t\t<\/span>\n\t\t\t\t\t<\/a>\n\t\t\t\t<\/div>\n\t\t\t\t\t\t\t\t<\/div>\n\t\t\t\t<\/div>\n\t\t\t\t<div class=\"elementor-element elementor-element-35ca516 elementor-widget elementor-widget-button\" data-id=\"35ca516\" data-element_type=\"widget\" data-widget_type=\"button.default\">\n\t\t\t\t<div class=\"elementor-widget-container\">\n\t\t\t\t\t\t\t\t\t<div class=\"elementor-button-wrapper\">\n\t\t\t\t\t<a class=\"elementor-button elementor-button-link elementor-size-sm elementor-animation-pulse\" href=\"https:\/\/www.mercadopago.cl\/subscriptions\/checkout?preapproval_plan_id=2c93808497c462520197d2e000970690\" target=\"_blank\">\n\t\t\t\t\t\t<span class=\"elementor-button-content-wrapper\">\n\t\t\t\t\t\t\t\t\t<span class=\"elementor-button-text\">Monthly<\/span>\n\t\t\t\t\t<\/span>\n\t\t\t\t\t<\/a>\n\t\t\t\t<\/div>\n\t\t\t\t\t\t\t\t<\/div>\n\t\t\t\t<\/div>\n\t\t\t\t<div class=\"elementor-element elementor-element-2d8f36d elementor-widget elementor-widget-button\" data-id=\"2d8f36d\" data-element_type=\"widget\" data-widget_type=\"button.default\">\n\t\t\t\t<div class=\"elementor-widget-container\">\n\t\t\t\t\t\t\t\t\t<div class=\"elementor-button-wrapper\">\n\t\t\t\t\t<a class=\"elementor-button elementor-button-link elementor-size-sm elementor-animation-pulse\" href=\"https:\/\/www.mercadopago.cl\/subscriptions\/checkout?preapproval_plan_id=2c93808497c19ac40197d3054522082c\" target=\"_blank\">\n\t\t\t\t\t\t<span class=\"elementor-button-content-wrapper\">\n\t\t\t\t\t\t\t\t\t<span class=\"elementor-button-text\">Yearly <\/span>\n\t\t\t\t\t<\/span>\n\t\t\t\t\t<\/a>\n\t\t\t\t<\/div>\n\t\t\t\t\t\t\t\t<\/div>\n\t\t\t\t<\/div>\n\t\t\t\t<\/div>\n\t\t<div class=\"elementor-element elementor-element-35db1e6 e-con-full contenedor-montos e-flex e-con e-child\" data-id=\"35db1e6\" data-element_type=\"container\">\n\t\t\t\t<div class=\"elementor-element elementor-element-c49f464 elementor-widget elementor-widget-shortcode\" data-id=\"c49f464\" data-element_type=\"widget\" data-widget_type=\"shortcode.default\">\n\t\t\t\t<div class=\"elementor-widget-container\">\n\t\t\t\t\t\t\t<div class=\"elementor-shortcode\">\t<div class=\"don-btn-wrap layout-row\">\n\t\t\t<button type=\"button\"\n\t\t        class=\"don-btn\"\n\t\t        data-pid=\"4642\" data-qty=\"1\">\n\t\t\tCLP $10.000\t\t<\/button>\n\t\t\t<button type=\"button\"\n\t\t        class=\"don-btn\"\n\t\t        data-pid=\"4643\" data-qty=\"1\">\n\t\t\tCLP $20.000\t\t<\/button>\n\t\t\t<button type=\"button\"\n\t\t        class=\"don-btn\"\n\t\t        data-pid=\"4644\" data-qty=\"1\">\n\t\t\tCLP $30.000\t\t<\/button>\n\t\t<\/div>\n\t\n<\/div>\n\t\t\t\t\t\t<\/div>\n\t\t\t\t<\/div>\n\t\t\t\t<div class=\"elementor-element elementor-element-953db26 elementor-align-center elementor-mobile-align-center otra-cant elementor-widget elementor-widget-button\" data-id=\"953db26\" data-element_type=\"widget\" data-widget_type=\"button.default\">\n\t\t\t\t<div class=\"elementor-widget-container\">\n\t\t\t\t\t\t\t\t\t<div class=\"elementor-button-wrapper\">\n\t\t\t\t\t<a class=\"elementor-button elementor-button-link elementor-size-sm\" href=\"#elementor-action%3Aaction%3Dpopup%3Aopen%26settings%3DeyJpZCI6IjQ2NjUiLCJ0b2dnbGUiOmZhbHNlfQ%3D%3D\">\n\t\t\t\t\t\t<span class=\"elementor-button-content-wrapper\">\n\t\t\t\t\t\t<span class=\"elementor-button-icon\">\n\t\t\t\t<svg aria-hidden=\"true\" class=\"e-font-icon-svg e-fas-dollar-sign\" viewbox=\"0 0 288 512\" xmlns=\"http:\/\/www.w3.org\/2000\/svg\"><path d=\"M209.2 233.4l-108-31.6C88.7 198.2 80 186.5 80 173.5c0-16.3 13.2-29.5 29.5-29.5h66.3c12.2 0 24.2 3.7 34.2 10.5 6.1 4.1 14.3 3.1 19.5-2l34.8-34c7.1-6.9 6.1-18.4-1.8-24.5C238 74.8 207.4 64.1 176 64V16c0-8.8-7.2-16-16-16h-32c-8.8 0-16 7.2-16 16v48h-2.5C45.8 64-5.4 118.7.5 183.6c4.2 46.1 39.4 83.6 83.8 96.6l102.5 30c12.5 3.7 21.2 15.3 21.2 28.3 0 16.3-13.2 29.5-29.5 29.5h-66.3C100 368 88 364.3 78 357.5c-6.1-4.1-14.3-3.1-19.5 2l-34.8 34c-7.1 6.9-6.1 18.4 1.8 24.5 24.5 19.2 55.1 29.9 86.5 30v48c0 8.8 7.2 16 16 16h32c8.8 0 16-7.2 16-16v-48.2c46.6-.9 90.3-28.6 105.7-72.7 21.5-61.6-14.6-124.8-72.5-141.7z\"><\/path><\/svg>\t\t\t<\/span>\n\t\t\t\t\t\t\t\t\t<span class=\"elementor-button-text\">Other Amount<\/span>\n\t\t\t\t\t<\/span>\n\t\t\t\t\t<\/a>\n\t\t\t\t<\/div>\n\t\t\t\t\t\t\t\t<\/div>\n\t\t\t\t<\/div>\n\t\t\t\t<\/div>\n\t\t\t\t<\/div>\n\t\t\t\t<\/div>\n\t\t\t\t<div class=\"elementor-element elementor-element-5c3e4f7 wmc-shortcode.wmc-list-currency-rates elementor-hidden-tablet elementor-hidden-mobile elementor-widget elementor-widget-html\" data-id=\"5c3e4f7\" data-element_type=\"widget\" data-widget_type=\"html.default\">\n\t\t\t\t<div class=\"elementor-widget-container\">\n\t\t\t\t\t<div style=\"display: none;\">\n            <div class=\"woo-multi-currency wmc-shortcode wmc-list-currency-rates\">\r\n\t\t\t                        <div class=\"wmc-currency-rate\">\r\n\t\t\t\t\t\t\tCLP\/USD = 0.00100                        <\/div>\r\n\t\t\t\t\t        <\/div>\r\n\t\t\n<\/div>\n\t\t\t\t<\/div>\n\t\t\t\t<\/div>\n\t\t\t\t<div class=\"elementor-element elementor-element-218719d elementor-hidden-desktop elementor-hidden-tablet elementor-widget elementor-widget-html\" data-id=\"218719d\" data-element_type=\"widget\" data-widget_type=\"html.default\">\n\t\t\t\t<div class=\"elementor-widget-container\">\n\t\t\t\t\t<script>\n(function ($){\n  function addToCart(pid, qty, extraData, $btn){\n      $btn.addClass('btn-loading');\n      const data = Object.assign({ product_id:pid, quantity:qty }, extraData);\n\n      $.post(\n        wc_add_to_cart_params.wc_ajax_url.replace('%%endpoint%%','add_to_cart'),\n        data,\n        function (resp){\n           $(document.body).trigger('added_to_cart',[resp.fragments,resp.cart_hash]);\n           $btn.removeClass('btn-loading');\n        }\n      );\n  }\n    $(document).on('click', '.don-btn', function () {\n      const pid = $(this).data('pid');\n      const btnText = $(this).text();\n      const priceValue = parseInt(btnText.replace(\/[^\\d]\/g, ''));\n      const cur = document.cookie.split('; ').find(row => row.startsWith('wmc_current_currency='))?.split('=')[1] || 'CLP';\n    \n      let clp_price = priceValue;\n    \n      if (cur === 'USD') {\n        const rateText = $('.wmc-currency-rate').text(); \n        const match = rateText.match(\/=\\s*([\\d.]+)\/);\n        const rate = match ? parseFloat(match[1]) : null;\n    \n        if (rate) {\n          const tasa_clp = 1 \/ rate;\n          clp_price = Math.round(priceValue * tasa_clp);\n\n        } else {\n        }\n      }\n    \n      addToCart(pid, 1, { don_price: clp_price }, $(this));\n    });\n\n  $('<style>\\\n   .btn-loading{opacity:.6;pointer-events:none;position:relative}\\\n   .btn-loading:after{content:\"\";position:absolute;top:50%;left:50%;\\\n   width:18px;height:18px;margin:-9px 0 0 -9px;border:2px solid #fff;\\\n   border-top-color:transparent;border-radius:50%;animation:spin .8s linear infinite}\\\n   @keyframes spin{to{transform:rotate(100deg)}}\\\n  <\/style>').appendTo('head');\n\n  $(document).on('wmc_complete', function (){\n    const pids = $('.don-btn').map(function(){return $(this).data('pid');}).get();\n    $.post('?wc-ajax=wmc_get_prices',{ product_ids:pids }, function(r){\n        if(!r||!r.success) return;\n        $('.don-btn').each(function(){\n            const pid=$(this).data('pid');\n            if(r.data[pid]) $(this).text(r.data[pid]);\n        });\n    });\n    });\n\n\n})(jQuery);\n<\/script>\n\n\n\t\t\t\t<\/div>\n\t\t\t\t<\/div>\n\t\t\t\t<\/div>\n\t\t\t\t<div class=\"elementor-element elementor-element-3cbcc2e elementor-widget elementor-widget-heading\" data-id=\"3cbcc2e\" data-element_type=\"widget\" data-widget_type=\"heading.default\">\n\t\t\t\t<div class=\"elementor-widget-container\">\n\t\t\t\t\t<h2 class=\"elementor-heading-title elementor-size-default\">Thank you for sowing with love and willingness into this work that honors the name of the Lord. We deeply value your gesture\u2014not for the material\u2014but for the willing heart that accompanies it.\n\n\"Each one must give as he has decided in his heart, not reluctantly or under compulsion, for God loves a cheerful giver.\" \ud83d\udcd6 2 Corinthians 9:7<\/h2>\t\t\t\t<\/div>\n\t\t\t\t<\/div>\n\t\t\t\t<div class=\"elementor-element elementor-element-5f7e0e2 elementor-widget elementor-widget-html\" data-id=\"5f7e0e2\" data-element_type=\"widget\" data-widget_type=\"html.default\">\n\t\t\t\t<div class=\"elementor-widget-container\">\n\t\t\t\t\t\n\t\t\t\t<\/div>\n\t\t\t\t<\/div>\n\t\t\t\t<\/div>\n\t\t<div class=\"elementor-element elementor-element-b39796c e-flex e-con-boxed e-con e-child\" data-id=\"b39796c\" data-element_type=\"container\">\n\t\t\t\t\t<div class=\"e-con-inner\">\n\t\t\t\t\t<\/div>\n\t\t\t\t<\/div>\n\t\t\t\t<\/div>\n\t\t\t\t<\/div>","protected":false},"excerpt":{"rendered":"<p>S\u00daMATE A LO QUE DIOS YA EST\u00c1 HACIENDO ID&amp;Haced no es solo una asociaci\u00f3n, es una misi\u00f3n compartida por muchos. Nos unimos como evangelistas y pastores de distintas iglesias, dejando de lado las diferencias, para abrazar un prop\u00f3sito eterno: que cada alma en Chile y el mundo entero tenga la oportunidad de escuchar el mensaje [&hellip;]<\/p>","protected":false},"author":1,"featured_media":0,"parent":0,"menu_order":0,"comment_status":"closed","ping_status":"closed","template":"","meta":{"_siteseo_robots_primary_cat":"","footnotes":""},"class_list":["post-19","page","type-page","status-publish","hentry"],"_links":{"self":[{"href":"https:\/\/idyhaced.com\/en\/wp-json\/wp\/v2\/pages\/19","targetHints":{"allow":["GET"]}}],"collection":[{"href":"https:\/\/idyhaced.com\/en\/wp-json\/wp\/v2\/pages"}],"about":[{"href":"https:\/\/idyhaced.com\/en\/wp-json\/wp\/v2\/types\/page"}],"author":[{"embeddable":true,"href":"https:\/\/idyhaced.com\/en\/wp-json\/wp\/v2\/users\/1"}],"replies":[{"embeddable":true,"href":"https:\/\/idyhaced.com\/en\/wp-json\/wp\/v2\/comments?post=19"}],"version-history":[{"count":1521,"href":"https:\/\/idyhaced.com\/en\/wp-json\/wp\/v2\/pages\/19\/revisions"}],"predecessor-version":[{"id":6737,"href":"https:\/\/idyhaced.com\/en\/wp-json\/wp\/v2\/pages\/19\/revisions\/6737"}],"wp:attachment":[{"href":"https:\/\/idyhaced.com\/en\/wp-json\/wp\/v2\/media?parent=19"}],"curies":[{"name":"wp","href":"https:\/\/api.w.org\/{rel}","templated":true}]}}