{"id":17,"date":"2025-02-17T23:21:27","date_gmt":"2025-02-17T23:21:27","guid":{"rendered":"https:\/\/idyhaced.com\/?page_id=17"},"modified":"2025-08-09T03:34:39","modified_gmt":"2025-08-09T03:34:39","slug":"contacto","status":"publish","type":"page","link":"https:\/\/idyhaced.com\/en\/contacto\/","title":{"rendered":"Contact Us"},"content":{"rendered":"<div data-elementor-type=\"wp-page\" data-elementor-id=\"17\" class=\"elementor elementor-17\" data-elementor-post-type=\"page\">\n\t\t\t\t<div class=\"elementor-element elementor-element-1049c59 e-con-full e-flex e-con e-parent\" data-id=\"1049c59\" data-element_type=\"container\">\n\t\t\t\t<div class=\"elementor-element elementor-element-ecaeb97 finisher-header elementor-widget elementor-widget-html\" data-id=\"ecaeb97\" data-element_type=\"widget\" data-widget_type=\"html.default\">\n\t\t\t\t<div class=\"elementor-widget-container\">\n\t\t\t\t\t<!-- Div donde se aplicar\u00e1 el efecto -->\n<div class=\"finisher-header\"><\/div>\n\n<script>\ndocument.addEventListener(\"DOMContentLoaded\", function() {\n  new FinisherHeader({\n    \"count\": 10,\n    \"size\": {\n      \"min\": 1300,\n      \"max\": 1500,\n      \"pulse\": 0\n    },\n    \"speed\": {\n      \"x\": {\n        \"min\": 0.1,\n        \"max\": 0.6\n      },\n      \"y\": {\n        \"min\": 0.1,\n        \"max\": 0.6\n      }\n    },\n    \"colors\": {\n      \"background\": \"#070d13\",\n      \"particles\": [\n        \"#162d53\",\n        \"#000000\",\n        \"#353fa2\",\n        \"#000000\",\n        \"#334251\"\n      ]\n    },\n    \"blending\": \"overlay\",\n    \"opacity\": {\n      \"center\": 0.5,\n      \"edge\": 0.05\n    },\n    \"skew\": 0,\n    \"shapes\": [\n      \"c\"\n    ]\n  });\n});\n<\/script>\n\t\t\t\t<\/div>\n\t\t\t\t<\/div>\n\t\t<div class=\"elementor-element elementor-element-7366f4e e-con-full efecto-container-contacto e-flex e-con e-child\" data-id=\"7366f4e\" data-element_type=\"container\" data-settings=\"{&quot;position&quot;:&quot;absolute&quot;}\">\n\t\t\t\t<\/div>\n\t\t<div class=\"elementor-element elementor-element-dc81b34 e-con-full e-flex e-con e-child\" data-id=\"dc81b34\" data-element_type=\"container\" data-settings=\"{&quot;position&quot;:&quot;absolute&quot;}\">\n\t\t\t\t<div class=\"elementor-element elementor-element-1e145fc elementor-absolute elementor-widget elementor-widget-image\" data-id=\"1e145fc\" data-element_type=\"widget\" data-settings=\"{&quot;_position&quot;:&quot;absolute&quot;}\" data-widget_type=\"image.default\">\n\t\t\t\t<div class=\"elementor-widget-container\">\n\t\t\t\t\t\t\t\t\t\t\t\t\t\t\t<img fetchpriority=\"high\" decoding=\"async\" width=\"1920\" height=\"960\" src=\"https:\/\/idyhaced.com\/wp-content\/uploads\/2025\/04\/Imagen_recreativa_IdHaced-scaled.webp\" class=\"attachment-full size-full wp-image-3681\" alt=\"\" srcset=\"https:\/\/idyhaced.com\/wp-content\/uploads\/2025\/04\/Imagen_recreativa_IdHaced-scaled.webp 1920w, https:\/\/idyhaced.com\/wp-content\/uploads\/2025\/04\/Imagen_recreativa_IdHaced-scaled-600x300.webp 600w, https:\/\/idyhaced.com\/wp-content\/uploads\/2025\/04\/Imagen_recreativa_IdHaced-300x150.webp 300w, https:\/\/idyhaced.com\/wp-content\/uploads\/2025\/04\/Imagen_recreativa_IdHaced-1024x512.webp 1024w, https:\/\/idyhaced.com\/wp-content\/uploads\/2025\/04\/Imagen_recreativa_IdHaced-768x384.jpg 768w, https:\/\/idyhaced.com\/wp-content\/uploads\/2025\/04\/Imagen_recreativa_IdHaced-1536x768.jpg 1536w, https:\/\/idyhaced.com\/wp-content\/uploads\/2025\/04\/Imagen_recreativa_IdHaced-2048x1024.jpg 2048w\" sizes=\"(max-width: 1920px) 100vw, 1920px\" \/>\t\t\t\t\t\t\t\t\t\t\t\t\t\t\t<\/div>\n\t\t\t\t<\/div>\n\t\t\t\t<\/div>\n\t\t<div class=\"elementor-element elementor-element-1724dec e-flex e-con-boxed e-con e-child\" data-id=\"1724dec\" data-element_type=\"container\">\n\t\t\t\t\t<div class=\"e-con-inner\">\n\t\t\t\t<div class=\"elementor-element elementor-element-cbf0ac6 elementor-widget elementor-widget-html\" data-id=\"cbf0ac6\" data-element_type=\"widget\" data-widget_type=\"html.default\">\n\t\t\t\t<div class=\"elementor-widget-container\">\n\t\t\t\t\t<script>\n  document.addEventListener(\"DOMContentLoaded\", () => {\n    const grupos = [\n      document.querySelectorAll(\".mensaje-1\"),\n      document.querySelectorAll(\".mensaje-2\")\n    ];\n\n    let index = 0;\n\n    function mostrarGrupo(i) {\n      grupos.forEach((grupo, j) => {\n        grupo.forEach((el, idx) => {\n          if (i === j) {\n            el.classList.add(\"fade-in-right\");\n            el.style.animationDelay = idx * 0.5 + \"s\"; \/\/ delay subt\u00edtulo\n            el.style.display = \"block\";\n          } else {\n            el.style.display = \"none\";\n            el.classList.remove(\"fade-in-right\");\n          }\n        });\n      });\n    }\n\n    mostrarGrupo(index);\n\n    setInterval(() => {\n      index = (index + 1) % grupos.length;\n      mostrarGrupo(index);\n    }, 13000); \/\/ cada 13 segundos\n  });\n<\/script>\n\t\t\t\t<\/div>\n\t\t\t\t<\/div>\n\t\t<div class=\"elementor-element elementor-element-5bf10e1 e-con-full e-flex e-con e-child\" data-id=\"5bf10e1\" data-element_type=\"container\">\n\t\t\t\t<div class=\"elementor-element elementor-element-da15cfb mensaje-heading mensaje-1 elementor-widget elementor-widget-heading\" data-id=\"da15cfb\" data-element_type=\"widget\" data-widget_type=\"heading.default\">\n\t\t\t\t<div class=\"elementor-widget-container\">\n\t\t\t\t\t<h1 class=\"elementor-heading-title elementor-size-default\">CONTACT US AND BE PART OF THE GREAT HARVEST!<\/h1>\t\t\t\t<\/div>\n\t\t\t\t<\/div>\n\t\t\t\t<div class=\"elementor-element elementor-element-dd0442e mensaje-sub mensaje-1 elementor-widget elementor-widget-text-editor\" data-id=\"dd0442e\" data-element_type=\"widget\" data-widget_type=\"text-editor.default\">\n\t\t\t\t<div class=\"elementor-widget-container\">\n\t\t\t\t\t\t\t\t\t<p><em>God is raising up an army of evangelists to reach the nations.<br \/>It\u2019s time to respond together to this great calling.<\/em><br \/><em><span class=\"resaltar-naranja\">HERE I AM, SEND ME!<\/span><\/em><\/p>\t\t\t\t\t\t\t\t<\/div>\n\t\t\t\t<\/div>\n\t\t\t\t<div class=\"elementor-element elementor-element-bdcbba6 mensaje-heading mensaje-2 elementor-widget elementor-widget-heading\" data-id=\"bdcbba6\" data-element_type=\"widget\" data-widget_type=\"heading.default\">\n\t\t\t\t<div class=\"elementor-widget-container\">\n\t\t\t\t\t<h1 class=\"elementor-heading-title elementor-size-default\">CONTACT US AND BE PART OF THE GREAT HARVEST!<\/h1>\t\t\t\t<\/div>\n\t\t\t\t<\/div>\n\t\t\t\t<div class=\"elementor-element elementor-element-745835f mensaje-sub mensaje-2 elementor-widget elementor-widget-text-editor\" data-id=\"745835f\" data-element_type=\"widget\" data-widget_type=\"text-editor.default\">\n\t\t\t\t<div class=\"elementor-widget-container\">\n\t\t\t\t\t\t\t\t\t<p><em><span class=\"resaltar-naranja\">When He saw the crowds, He had compassion on them.<\/span><\/em><\/p>\t\t\t\t\t\t\t\t<\/div>\n\t\t\t\t<\/div>\n\t\t\t\t<\/div>\n\t\t<div class=\"elementor-element elementor-element-865e5fd e-con-full e-flex elementor-invisible e-con e-child\" data-id=\"865e5fd\" data-element_type=\"container\" data-settings=\"{&quot;animation&quot;:&quot;fadeIn&quot;}\">\n\t\t<div class=\"elementor-element elementor-element-9da40a8 e-con-full e-flex e-con e-child\" data-id=\"9da40a8\" data-element_type=\"container\">\n\t\t\t\t<div class=\"elementor-element elementor-element-cc9cd57 elementor-invisible elementor-widget elementor-widget-heading\" data-id=\"cc9cd57\" data-element_type=\"widget\" data-settings=\"{&quot;_animation&quot;:&quot;fadeInDown&quot;}\" data-widget_type=\"heading.default\">\n\t\t\t\t<div class=\"elementor-widget-container\">\n\t\t\t\t\t<h2 class=\"elementor-heading-title elementor-size-default\">We want to hear from you!<\/h2>\t\t\t\t<\/div>\n\t\t\t\t<\/div>\n\t\t\t\t<div class=\"elementor-element elementor-element-72b3167 elementor-button-align-stretch elementor-invisible elementor-widget elementor-widget-form\" data-id=\"72b3167\" data-element_type=\"widget\" data-settings=\"{&quot;step_next_label&quot;:&quot;Next&quot;,&quot;step_previous_label&quot;:&quot;Previous&quot;,&quot;_animation&quot;:&quot;fadeInUp&quot;,&quot;button_width&quot;:&quot;100&quot;,&quot;step_type&quot;:&quot;number_text&quot;,&quot;step_icon_shape&quot;:&quot;circle&quot;}\" data-widget_type=\"form.default\">\n\t\t\t\t<div class=\"elementor-widget-container\">\n\t\t\t\t\t\t\t<form class=\"elementor-form\" method=\"post\" name=\"Formulario Contacto ID&amp;H\" action=\"\">\n\t\t\t<input type=\"hidden\" name=\"post_id\" value=\"17\"\/>\n\t\t\t<input type=\"hidden\" name=\"form_id\" value=\"72b3167\"\/>\n\t\t\t<input type=\"hidden\" name=\"referer_title\" value=\"Contacto\" \/>\n\n\t\t\t\t\t\t\t<input type=\"hidden\" name=\"queried_id\" value=\"17\"\/>\n\t\t\t\n\t\t\t<div class=\"elementor-form-fields-wrapper elementor-labels-above\">\n\t\t\t\t\t\t\t\t<div class=\"elementor-field-type-text elementor-field-group elementor-column elementor-field-group-name elementor-col-100 elementor-field-required elementor-mark-required\">\n\t\t\t\t\t\t\t\t\t\t\t\t<label for=\"form-field-name\" class=\"elementor-field-label\">\n\t\t\t\t\t\t\t\tName\t\t\t\t\t\t\t<\/label>\n\t\t\t\t\t\t\t\t\t\t\t\t\t\t<input size=\"1\" type=\"text\" name=\"form_fields[name]\" id=\"form-field-name\" class=\"elementor-field elementor-size-sm  elementor-field-textual\" placeholder=\"Juanito P\u00e9rez\" required=\"required\">\n\t\t\t\t\t\t\t\t\t\t\t<\/div>\n\t\t\t\t\t\t\t\t<div class=\"elementor-field-type-email elementor-field-group elementor-column elementor-field-group-email elementor-col-100 elementor-field-required elementor-mark-required\">\n\t\t\t\t\t\t\t\t\t\t\t\t<label for=\"form-field-email\" class=\"elementor-field-label\">\n\t\t\t\t\t\t\t\tEmail\t\t\t\t\t\t\t<\/label>\n\t\t\t\t\t\t\t\t\t\t\t\t\t\t<input size=\"1\" type=\"email\" name=\"form_fields[email]\" id=\"form-field-email\" class=\"elementor-field elementor-size-sm  elementor-field-textual\" placeholder=\"juanitoperez@gmail.com\" required=\"required\">\n\t\t\t\t\t\t\t\t\t\t\t<\/div>\n\t\t\t\t\t\t\t\t<div class=\"elementor-field-type-textarea elementor-field-group elementor-column elementor-field-group-message elementor-col-100 elementor-field-required elementor-mark-required\">\n\t\t\t\t\t\t\t\t\t\t\t\t<label for=\"form-field-message\" class=\"elementor-field-label\">\n\t\t\t\t\t\t\t\tMessage\t\t\t\t\t\t\t<\/label>\n\t\t\t\t\t\t<textarea class=\"elementor-field-textual elementor-field  elementor-size-sm\" name=\"form_fields[message]\" id=\"form-field-message\" rows=\"4\" placeholder=\"Hello, it\u2019s a pleasure to connect with you...\" required=\"required\"><\/textarea>\t\t\t\t<\/div>\n\t\t\t\t\t\t\t\t<div class=\"elementor-field-group elementor-column elementor-field-type-submit elementor-col-100 e-form__buttons\">\n\t\t\t\t\t<button class=\"elementor-button elementor-size-sm\" type=\"submit\">\n\t\t\t\t\t\t<span class=\"elementor-button-content-wrapper\">\n\t\t\t\t\t\t\t\t\t\t\t\t\t\t\t\t\t\t\t\t\t\t<span class=\"elementor-button-text\">SEND!<\/span>\n\t\t\t\t\t\t\t\t\t\t\t\t\t<\/span>\n\t\t\t\t\t<\/button>\n\t\t\t\t<\/div>\n\t\t\t<\/div>\n\t\t<input type=\"hidden\" name=\"trp-form-language\" value=\"en\"\/><\/form>\n\t\t\t\t\t\t<\/div>\n\t\t\t\t<\/div>\n\t\t\t\t<\/div>\n\t\t\t\t<\/div>\n\t\t\t\t\t<\/div>\n\t\t\t\t<\/div>\n\t\t\t\t<\/div>\n\t\t\t\t<\/div>","protected":false},"excerpt":{"rendered":"<p>\u00a1CONT\u00c1CTANOS Y S\u00c9 PARTE DE LA GRAN COSECHA! Dios est\u00e1 levantando un ej\u00e9rcito de evangelistas para conquistar las naciones.Es tiempo que juntos respondamos a este gran llamado.\u00a1HEME A AQUI, ENVIAME A MI! \u00a1CONT\u00c1CTANOS Y S\u00c9 PARTE DE LA GRAN COSECHA! Y al ver las multitudes, tuvo compasi\u00f3n de ellas. \u00a1Queremos Escucharte!<\/p>","protected":false},"author":1,"featured_media":0,"parent":0,"menu_order":0,"comment_status":"closed","ping_status":"closed","template":"","meta":{"_siteseo_robots_primary_cat":"","footnotes":""},"class_list":["post-17","page","type-page","status-publish","hentry"],"_links":{"self":[{"href":"https:\/\/idyhaced.com\/en\/wp-json\/wp\/v2\/pages\/17","targetHints":{"allow":["GET"]}}],"collection":[{"href":"https:\/\/idyhaced.com\/en\/wp-json\/wp\/v2\/pages"}],"about":[{"href":"https:\/\/idyhaced.com\/en\/wp-json\/wp\/v2\/types\/page"}],"author":[{"embeddable":true,"href":"https:\/\/idyhaced.com\/en\/wp-json\/wp\/v2\/users\/1"}],"replies":[{"embeddable":true,"href":"https:\/\/idyhaced.com\/en\/wp-json\/wp\/v2\/comments?post=17"}],"version-history":[{"count":195,"href":"https:\/\/idyhaced.com\/en\/wp-json\/wp\/v2\/pages\/17\/revisions"}],"predecessor-version":[{"id":6745,"href":"https:\/\/idyhaced.com\/en\/wp-json\/wp\/v2\/pages\/17\/revisions\/6745"}],"wp:attachment":[{"href":"https:\/\/idyhaced.com\/en\/wp-json\/wp\/v2\/media?parent=17"}],"curies":[{"name":"wp","href":"https:\/\/api.w.org\/{rel}","templated":true}]}}