{"id":11,"date":"2025-02-17T23:18:59","date_gmt":"2025-02-17T23:18:59","guid":{"rendered":"https:\/\/idyhaced.com\/?page_id=11"},"modified":"2025-06-01T04:32:41","modified_gmt":"2025-06-01T04:32:41","slug":"quienes-somos","status":"publish","type":"page","link":"https:\/\/idyhaced.com\/en\/quienes-somos\/","title":{"rendered":"About the Mission"},"content":{"rendered":"<div data-elementor-type=\"wp-page\" data-elementor-id=\"11\" class=\"elementor elementor-11\" data-elementor-post-type=\"page\">\n\t\t\t\t<div class=\"elementor-element elementor-element-75f9bc0 e-con-full e-flex e-con e-parent\" data-id=\"75f9bc0\" data-element_type=\"container\">\n\t\t\t\t<div class=\"elementor-element elementor-element-0e044fe finisher-header elementor-widget elementor-widget-html\" data-id=\"0e044fe\" data-element_type=\"widget\" data-widget_type=\"html.default\">\n\t\t\t\t<div class=\"elementor-widget-container\">\n\t\t\t\t\t<!-- Div donde se aplicar\u00e1 el efecto -->\n<div class=\"finisher-header\"><\/div>\n\n<script>\ndocument.addEventListener(\"DOMContentLoaded\", function() {\n  new FinisherHeader({\n    \"count\": 10,\n    \"size\": {\n      \"min\": 1300,\n      \"max\": 1500,\n      \"pulse\": 0\n    },\n    \"speed\": {\n      \"x\": {\n        \"min\": 0.1,\n        \"max\": 0.6\n      },\n      \"y\": {\n        \"min\": 0.1,\n        \"max\": 0.6\n      }\n    },\n    \"colors\": {\n      \"background\": \"#070d13\",\n      \"particles\": [\n        \"#162d53\",\n        \"#000000\",\n        \"#353fa2\",\n        \"#000000\",\n        \"#334251\"\n      ]\n    },\n    \"blending\": \"overlay\",\n    \"opacity\": {\n      \"center\": 0.5,\n      \"edge\": 0.05\n    },\n    \"skew\": 0,\n    \"shapes\": [\n      \"c\"\n    ]\n  });\n});\n<\/script>\n\t\t\t\t<\/div>\n\t\t\t\t<\/div>\n\t\t<div class=\"elementor-element elementor-element-5593b8d e-con-full reboot-slider e-flex e-con e-child\" data-id=\"5593b8d\" data-element_type=\"container\" data-settings=\"{&quot;background_background&quot;:&quot;slideshow&quot;,&quot;background_slideshow_gallery&quot;:[{&quot;id&quot;:121,&quot;url&quot;:&quot;https:\\\/\\\/idyhaced.com\\\/wp-content\\\/uploads\\\/2025\\\/02\\\/FOTO-64.jpg&quot;},{&quot;id&quot;:122,&quot;url&quot;:&quot;https:\\\/\\\/idyhaced.com\\\/wp-content\\\/uploads\\\/2025\\\/02\\\/IMG_1244-scaled.jpg&quot;},{&quot;id&quot;:108,&quot;url&quot;:&quot;https:\\\/\\\/idyhaced.com\\\/wp-content\\\/uploads\\\/2025\\\/02\\\/cropped-19-_MG_9199-scaled-1.jpg&quot;}],&quot;background_slideshow_lazyload&quot;:&quot;yes&quot;,&quot;background_slideshow_slide_duration&quot;:5000,&quot;background_slideshow_slide_transition&quot;:&quot;fade&quot;,&quot;background_slideshow_transition_duration&quot;:500}\">\n\t\t<div class=\"elementor-element elementor-element-6c59ef8 e-con-full e-flex e-con e-child\" data-id=\"6c59ef8\" data-element_type=\"container\">\n\t\t<div class=\"elementor-element elementor-element-236a3c3 e-con-full reboot-bar e-flex e-con e-child\" data-id=\"236a3c3\" data-element_type=\"container\" data-settings=\"{&quot;position&quot;:&quot;absolute&quot;}\">\n\t\t\t\t<\/div>\n\t\t<div class=\"elementor-element elementor-element-4903f40 e-con-full e-flex e-con e-child\" data-id=\"4903f40\" data-element_type=\"container\">\n\t\t<div class=\"elementor-element elementor-element-8888b3c e-con-full reboot-changing-widget e-flex e-con e-child\" data-id=\"8888b3c\" data-element_type=\"container\">\n\t\t\t\t<div class=\"elementor-element elementor-element-d242342 elementor-widget elementor-widget-heading\" data-id=\"d242342\" data-element_type=\"widget\" data-widget_type=\"heading.default\">\n\t\t\t\t<div class=\"elementor-widget-container\">\n\t\t\t\t\t<h5 class=\"elementor-heading-title elementor-size-default\">We are an interdenominational evangelistic association<\/h5>\t\t\t\t<\/div>\n\t\t\t\t<\/div>\n\t\t\t\t<div class=\"elementor-element elementor-element-da3a5d0 elementor-widget elementor-widget-heading\" data-id=\"da3a5d0\" data-element_type=\"widget\" data-widget_type=\"heading.default\">\n\t\t\t\t<div class=\"elementor-widget-container\">\n\t\t\t\t\t<h5 class=\"elementor-heading-title elementor-size-default\">Churches and Denominations <\/h5>\t\t\t\t<\/div>\n\t\t\t\t<\/div>\n\t\t\t\t<div class=\"elementor-element elementor-element-8a80490 elementor-widget elementor-widget-heading\" data-id=\"8a80490\" data-element_type=\"widget\" data-widget_type=\"heading.default\">\n\t\t\t\t<div class=\"elementor-widget-container\">\n\t\t\t\t\t<h5 class=\"elementor-heading-title elementor-size-default\">\"Chile will belong to Christ, from north to south, from mountains to sea\"<\/h5>\t\t\t\t<\/div>\n\t\t\t\t<\/div>\n\t\t\t\t<\/div>\n\t\t<div class=\"elementor-element elementor-element-4564782 e-con-full reboot-subtitle-widget e-flex e-con e-child\" data-id=\"4564782\" data-element_type=\"container\">\n\t\t\t\t<div class=\"elementor-element elementor-element-b0838af elementor-widget elementor-widget-text-editor\" data-id=\"b0838af\" data-element_type=\"widget\" data-widget_type=\"text-editor.default\">\n\t\t\t\t<div class=\"elementor-widget-container\">\n\t\t\t\t\t\t\t\t\t<p>We are an interdenominational evangelistic association, led by<br \/>evangelist Nataniel S\u00e1ez, who has received a calling from God and an overflowing passion<br \/>for the salvation of the lost and for revival that shakes every<br \/>corner of Chile. A word that has moved our hearts as a ministry is<br \/><span class=\"versiculo01-QS\">Isaiah 9:1: \u201cThat time of darkness and despair will not go on forever.\u201d<\/span><\/p>\t\t\t\t\t\t\t\t<\/div>\n\t\t\t\t<\/div>\n\t\t\t\t<div class=\"elementor-element elementor-element-3c4b639 elementor-widget elementor-widget-text-editor\" data-id=\"3c4b639\" data-element_type=\"widget\" data-widget_type=\"text-editor.default\">\n\t\t\t\t<div class=\"elementor-widget-container\">\n\t\t\t\t\t\t\t\t\t<p>\n  In this way, we gather from various churches and denominations to carry out evangelistic crusades. God has allowed us to witness miracles and astonishing deliverances,\n  <span class=\"versiculo01-QS\">working together<\/span>\n  with local pastors and ministry teams from the same churches.\n<\/p>\n\t\t\t\t\t\t\t\t<\/div>\n\t\t\t\t<\/div>\n\t\t\t\t<div class=\"elementor-element elementor-element-39edb56 elementor-widget elementor-widget-text-editor\" data-id=\"39edb56\" data-element_type=\"widget\" data-widget_type=\"text-editor.default\">\n\t\t\t\t<div class=\"elementor-widget-container\">\n\t\t\t\t\t\t\t\t\t<p>God has provided our ministry with the necessary tools to carry out these crusades at a technical level\u2014stages, lights, and sound\u2014which we offer freely to local pastoral teams. Holding firmly to His promise, we work tirelessly, declaring:<br \/><span class=\"versiculo01-QS\">\u201cChile will belong to Christ, from north to south, from the Andes to the sea.\u201d<\/span><\/p>\t\t\t\t\t\t\t\t<\/div>\n\t\t\t\t<\/div>\n\t\t\t\t<\/div>\n\t\t\t\t<\/div>\n\t\t\t\t<\/div>\n\t\t<div class=\"elementor-element elementor-element-3bfb1a7 e-con-full e-flex e-con e-child\" data-id=\"3bfb1a7\" data-element_type=\"container\">\n\t\t\t\t<div class=\"elementor-element elementor-element-dd6dddb reboot-side-slider elementor-testimonial--skin-default elementor-testimonial--layout-image_inline elementor-testimonial--align-center elementor-arrows-yes elementor-pagination-type-bullets elementor-widget elementor-widget-testimonial-carousel\" data-id=\"dd6dddb\" data-element_type=\"widget\" data-settings=\"{&quot;slides_per_view&quot;:&quot;5&quot;,&quot;slides_per_view_mobile&quot;:&quot;3&quot;,&quot;lazyload&quot;:&quot;yes&quot;,&quot;space_between&quot;:{&quot;unit&quot;:&quot;px&quot;,&quot;size&quot;:30,&quot;sizes&quot;:[]},&quot;show_arrows&quot;:&quot;yes&quot;,&quot;pagination&quot;:&quot;bullets&quot;,&quot;speed&quot;:500,&quot;loop&quot;:&quot;yes&quot;,&quot;space_between_tablet_extra&quot;:{&quot;unit&quot;:&quot;px&quot;,&quot;size&quot;:10,&quot;sizes&quot;:[]},&quot;space_between_tablet&quot;:{&quot;unit&quot;:&quot;px&quot;,&quot;size&quot;:10,&quot;sizes&quot;:[]},&quot;space_between_mobile_extra&quot;:{&quot;unit&quot;:&quot;px&quot;,&quot;size&quot;:10,&quot;sizes&quot;:[]},&quot;space_between_mobile&quot;:{&quot;unit&quot;:&quot;px&quot;,&quot;size&quot;:10,&quot;sizes&quot;:[]}}\" data-widget_type=\"testimonial-carousel.default\">\n\t\t\t\t<div class=\"elementor-widget-container\">\n\t\t\t\t\t\t\t\t\t<div class=\"elementor-swiper\">\n\t\t\t\t\t<div class=\"elementor-main-swiper swiper\" role=\"region\" aria-roledescription=\"carousel\" aria-label=\"Slides\">\n\t\t\t\t<div class=\"swiper-wrapper\">\n\t\t\t\t\t\t\t\t\t\t\t<div class=\"swiper-slide\" role=\"group\" aria-roledescription=\"slide\">\n\t\t\t\t\t\t\t\t\t<div class=\"elementor-testimonial\">\n\t\t\t\t\t\t<div class=\"elementor-testimonial__footer\">\n\t\t\t\t\t\t\t\t\t<div class=\"elementor-testimonial__image\">\n\t\t\t\t\t\t<img class=\"swiper-lazy\" data-src=\"https:\/\/idyhaced.com\/wp-content\/uploads\/2025\/02\/FOTO-64.jpg\" alt=\"Nataniel S\u00e1ez\">\n\t\t\t\t\t\t\t\t\t\t\t\t\t<div class=\"swiper-lazy-preloader\"><\/div>\n\t\t\t\t\t\t\t\t\t\t\t<\/div>\n\t\t\t\t\t\t\t\t<cite class=\"elementor-testimonial__cite\"><span class=\"elementor-testimonial__name\">Nataniel S\u00e1ez<\/span><span class=\"elementor-testimonial__title\">ID & Haced<\/span><\/cite>\t\t\t<\/div>\n\t\t<\/div>\n\t\t\t\t\t\t\t\t<\/div>\n\t\t\t\t\t\t\t\t\t\t\t<div class=\"swiper-slide\" role=\"group\" aria-roledescription=\"slide\">\n\t\t\t\t\t\t\t\t\t<div class=\"elementor-testimonial\">\n\t\t\t\t\t\t<div class=\"elementor-testimonial__footer\">\n\t\t\t\t\t\t\t\t\t<div class=\"elementor-testimonial__image\">\n\t\t\t\t\t\t<img class=\"swiper-lazy\" data-src=\"https:\/\/idyhaced.com\/wp-content\/uploads\/2025\/02\/IMG_1244-scaled.jpg\" alt=\"Trabajo en Conjunto\">\n\t\t\t\t\t\t\t\t\t\t\t\t\t<div class=\"swiper-lazy-preloader\"><\/div>\n\t\t\t\t\t\t\t\t\t\t\t<\/div>\n\t\t\t\t\t\t\t\t<cite class=\"elementor-testimonial__cite\"><span class=\"elementor-testimonial__name\">Trabajo en Conjunto<\/span><span class=\"elementor-testimonial__title\">ID & Haced<\/span><\/cite>\t\t\t<\/div>\n\t\t<\/div>\n\t\t\t\t\t\t\t\t<\/div>\n\t\t\t\t\t\t\t\t\t\t\t<div class=\"swiper-slide\" role=\"group\" aria-roledescription=\"slide\">\n\t\t\t\t\t\t\t\t\t<div class=\"elementor-testimonial\">\n\t\t\t\t\t\t<div class=\"elementor-testimonial__footer\">\n\t\t\t\t\t\t\t\t\t<div class=\"elementor-testimonial__image\">\n\t\t\t\t\t\t<img class=\"swiper-lazy\" data-src=\"https:\/\/idyhaced.com\/wp-content\/uploads\/2025\/02\/cropped-19-_MG_9199-scaled-1.jpg\" alt=\"Chile ser\u00e1 para Cristo\">\n\t\t\t\t\t\t\t\t\t\t\t\t\t<div class=\"swiper-lazy-preloader\"><\/div>\n\t\t\t\t\t\t\t\t\t\t\t<\/div>\n\t\t\t\t\t\t\t\t<cite class=\"elementor-testimonial__cite\"><span class=\"elementor-testimonial__name\">Chile ser\u00e1 para Cristo<\/span><span class=\"elementor-testimonial__title\">ID & Haced<\/span><\/cite>\t\t\t<\/div>\n\t\t<\/div>\n\t\t\t\t\t\t\t\t<\/div>\n\t\t\t\t\t\t\t\t\t<\/div>\n\t\t\t\t\t\t\t\t\t\t\t\t\t\t\t<div class=\"elementor-swiper-button elementor-swiper-button-prev\" role=\"button\" tabindex=\"0\" aria-label=\"Previous\">\n\t\t\t\t\t\t\t<svg aria-hidden=\"true\" class=\"e-font-icon-svg e-eicon-chevron-left\" viewbox=\"0 0 1000 1000\" xmlns=\"http:\/\/www.w3.org\/2000\/svg\"><path d=\"M646 125C629 125 613 133 604 142L308 442C296 454 292 471 292 487 292 504 296 521 308 533L604 854C617 867 629 875 646 875 663 875 679 871 692 858 704 846 713 829 713 812 713 796 708 779 692 767L438 487 692 225C700 217 708 204 708 187 708 171 704 154 692 142 675 129 663 125 646 125Z\"><\/path><\/svg>\t\t\t\t\t\t<\/div>\n\t\t\t\t\t\t<div class=\"elementor-swiper-button elementor-swiper-button-next\" role=\"button\" tabindex=\"0\" aria-label=\"Next\">\n\t\t\t\t\t\t\t<svg aria-hidden=\"true\" class=\"e-font-icon-svg e-eicon-chevron-right\" viewbox=\"0 0 1000 1000\" xmlns=\"http:\/\/www.w3.org\/2000\/svg\"><path d=\"M696 533C708 521 713 504 713 487 713 471 708 454 696 446L400 146C388 133 375 125 354 125 338 125 325 129 313 142 300 154 292 171 292 187 292 204 296 221 308 233L563 492 304 771C292 783 288 800 288 817 288 833 296 850 308 863 321 871 338 875 354 875 371 875 388 867 400 854L696 533Z\"><\/path><\/svg>\t\t\t\t\t\t<\/div>\n\t\t\t\t\t\t\t\t\t\t\t\t\t\t\t\t<div class=\"swiper-pagination\"><\/div>\n\t\t\t\t\t\t\t\t\t\t\t\t<\/div>\n\t\t\t\t<\/div>\n\t\t\t\t\t\t\t\t<\/div>\n\t\t\t\t<\/div>\n\t\t\t\t<div class=\"elementor-element elementor-element-515e5d6 elementor-widget elementor-widget-html\" data-id=\"515e5d6\" data-element_type=\"widget\" data-widget_type=\"html.default\">\n\t\t\t\t<div class=\"elementor-widget-container\">\n\t\t\t\t\t<script src=\"https:\/\/code.jquery.com\/jquery-3.6.0.min.js\"><\/script>\n<script>\nvar $ = jQuery;\n\n$(document).ready(function() {\n\n  $('.reboot-slider').each(function() {\n\n    var $this = $(this),\n        currentSlide = 0,\n        previousSlide = 0,\n        slideNumber   = $this.find('.reboot-side-slider .swiper-slide:not(.swiper-slide-duplicate)').length,\n        barHTML      = '',\n        forward;\n\n    \/\/ Generamos los puntitos (dots) seg\u00fan la cantidad de slides\n    for (var i = 0; i < slideNumber; i++) {\n      barHTML += `<span class=\"dot\"><span class=\"dot-number\">${i+1}<\/span><\/span>`;\n    }\n    $this.find('.reboot-bar .dot').remove();\n    $this.find('.reboot-bar').append(barHTML);\n    $this.find('.reboot-bar .dot').eq(0).addClass('active');\n\n    \/\/ =====================================\n    \/\/ MEDIR ALTURA M\u00c1XIMA en contenedores de HEADINGS y SUBT\u00cdTULOS\n    \/\/ =====================================\n    var textContainers = $this.find('.reboot-changing-widget, .reboot-subtitle-widget');\n    textContainers.each(function() {\n      var $tc = $(this);\n      var maxHeight = 0;\n      \/\/ Buscamos .elementor-widget con heading o p\u00e1rrafo\n      var texts = $tc.find('.elementor-widget .elementor-heading-title, .elementor-widget p');\n      texts.each(function(){\n        var h = $(this).outerHeight(true);\n        if (h > maxHeight) maxHeight = h;\n      });\n      \/\/ Asignamos esa altura m\u00e1xima\n      $tc.css('--h', maxHeight + 'px');\n\n      \/\/ Marcamos el PRIMERO como currentUp (para verse de inicio)\n      $tc.find('.elementor-widget').eq(0).addClass('currentUp');\n    });\n\n    \/\/ Damos un poco de tiempo para cargar\n    setTimeout(function() {\n      $this.addClass('loaded');\n      \/\/ Revisa el swiper si est\u00e1 inicializado...\n      if ($this.find('.reboot-side-slider .swiper-container-initialized, .reboot-side-slider .swiper-initialized').length) {\n        $this.find('.reboot-side-slider').addClass('loaded');\n      }\n      var init = setInterval(function() {\n        if ($this.find('.reboot-side-slider .swiper-container-initialized, .reboot-side-slider .swiper-initialized').length) {\n          $this.find('.reboot-side-slider').addClass('loaded');\n          clearInterval(init);\n        }\n      }, 50);\n    }, 500);\n\n    \/\/ Generamos la capa con im\u00e1genes de fondo (seg\u00fan \u201cdata-settings\u201d)\n    var bgs   = JSON.parse($this.attr('data-settings')).background_slideshow_gallery,\n        bgHTML = '<div class=\"reboot-slider-background\">';\n    if (bgs) {\n      bgs.forEach(function(background){\n        bgHTML += `<img decoding=\"async\" src=\"${background.url}\"\/>`;\n      });\n    }\n    bgHTML += '<\/div>';\n    $this.find('.reboot-slider-background').remove();\n    $this.prepend(bgHTML);\n\n    var backgrounds = $this.find('.reboot-slider-background img');\n    backgrounds.eq(0).addClass('currentForward');\n\n    \/\/ =====================================\n    \/\/ Control de slides: cada 500ms detectamos cambio\n    \/\/ =====================================\n    setInterval(function() {\n      currentSlide = $this.find('.reboot-side-slider .swiper-slide-active')\n                          .attr('data-swiper-slide-index');\n\n      if (previousSlide != currentSlide) {\n        \/\/ Determinamos la direcci\u00f3n (adelante\/atr\u00e1s)\n        forward = (previousSlide < currentSlide); \n        \/\/ Manejo especial (ultimo -> primero y viceversa)\n        if (previousSlide == slideNumber - 1 && currentSlide == 0) {\n          forward = true;\n        }\n        if (previousSlide == 0 && currentSlide == slideNumber - 1) {\n          forward = false;\n        }\n\n        \/\/ Recorremos cada contenedor (headings y subt\u00edtulos)\n        textContainers.each(function(){\n          var texts = $(this).find('.elementor-widget');\n\n          \/\/ Quitamos clases de animaci\u00f3n viejas\n          texts.removeClass('prev next currentUp currentDown');\n          \/\/ Lo mismo para backgrounds\n          backgrounds.removeClass('prev currentBackward currentForward');\n\n          \/\/ La imagen anterior se marca \u201cprev\u201d\n          backgrounds.eq(previousSlide).addClass('prev');\n\n          \/\/ Asignamos la animaci\u00f3n de salida y la de entrada\n          if (forward) {\n            texts.eq(previousSlide).addClass('prev');\n            texts.eq(currentSlide).addClass('currentUp');\n            backgrounds.eq(currentSlide).addClass('currentForward');\n          } else {\n            texts.eq(previousSlide).addClass('next');\n            texts.eq(currentSlide).addClass('currentDown');\n            backgrounds.eq(currentSlide).addClass('currentBackward');\n          }\n\n          \/\/ Si deseas recalcular la altura solo cuando cambia (opcional),\n          \/\/ podr\u00edas volver a medir el \"currentSlide\" y setear --h \n          \/\/ PERO con la \"m\u00e1xima altura\" a fin de no cortar textos.\n        });\n\n        \/\/ Actualizamos los puntitos\n        $this.find('.reboot-bar .dot').removeClass('active');\n        $this.find('.reboot-bar .dot').eq(currentSlide).addClass('active');\n      }\n      previousSlide = currentSlide;\n\n    }, 500);\n\n    \/\/ Clicks en los dots y flechas\n    $this.find('.reboot-bar .dot').on('click', function(){\n      var index = $(this).index();\n      $this.find('.reboot-side-slider .swiper-pagination-bullet')\n           .eq(index).trigger('click');\n      $this.find('.reboot-side-slider .swiper-container').trigger('mouseleave');\n    });\n    $this.find('.reboot-slider-left').on('click', function(){\n      $this.find('.reboot-side-slider .elementor-swiper-button-prev').trigger('click');\n      $this.find('.reboot-side-slider .elementor-swiper').trigger('mouseleave');\n    });\n    $this.find('.reboot-slider-right').on('click', function(){\n      $this.find('.reboot-side-slider .elementor-swiper-button-next').trigger('click');\n      $this.find('.reboot-side-slider .elementor-swiper').trigger('mouseleave');\n    });\n    $this.find('.reboot-slider-left a, .reboot-slider-right a').on('click', function(e){\n      e.preventDefault();\n    });\n\n  }); \/\/ fin each .reboot-slider\n\n}); \/\/ fin document.ready\n\n\n\/\/ Recalcular la altura m\u00e1xima en \u201cresize\u201d para *ambos* contenedores\n$(window).on('resize', function() {\n  $('.reboot-slider').each(function() {\n    var textContainers = $(this).find('.reboot-changing-widget, .reboot-subtitle-widget');\n    textContainers.each(function(){\n      var $tc = $(this);\n      var maxHeight = 0;\n      var texts = $tc.find('.elementor-widget .elementor-heading-title, .elementor-widget p');\n      texts.each(function(){\n        var h = $(this).outerHeight(true);\n        if (h > maxHeight) maxHeight = h;\n      });\n      \/\/ Reasignamos la altura m\u00e1xima\n      $tc.css('--h', maxHeight + 'px');\n    });\n  });\n});\n<\/script>\n\t\t\t\t<\/div>\n\t\t\t\t<\/div>\n\t\t<div class=\"elementor-element elementor-element-90e3203 e-con-full e-flex e-con e-child\" data-id=\"90e3203\" data-element_type=\"container\">\n\t\t\t\t<div class=\"elementor-element elementor-element-1ef3ddb elementor-absolute reboot-slider-left elementor-widget elementor-widget-button\" data-id=\"1ef3ddb\" data-element_type=\"widget\" data-settings=\"{&quot;_position&quot;:&quot;absolute&quot;}\" data-widget_type=\"button.default\">\n\t\t\t\t<div class=\"elementor-widget-container\">\n\t\t\t\t\t\t\t\t\t<div class=\"elementor-button-wrapper\">\n\t\t\t\t\t<a class=\"elementor-button elementor-button-link elementor-size-sm\" href=\"#\">\n\t\t\t\t\t\t<span class=\"elementor-button-content-wrapper\">\n\t\t\t\t\t\t<span class=\"elementor-button-icon\">\n\t\t\t\t<svg aria-hidden=\"true\" class=\"e-font-icon-svg e-fas-arrow-left\" viewbox=\"0 0 448 512\" xmlns=\"http:\/\/www.w3.org\/2000\/svg\"><path d=\"M257.5 445.1l-22.2 22.2c-9.4 9.4-24.6 9.4-33.9 0L7 273c-9.4-9.4-9.4-24.6 0-33.9L201.4 44.7c9.4-9.4 24.6-9.4 33.9 0l22.2 22.2c9.5 9.5 9.3 25-.4 34.3L136.6 216H424c13.3 0 24 10.7 24 24v32c0 13.3-10.7 24-24 24H136.6l120.5 114.8c9.8 9.3 10 24.8.4 34.3z\"><\/path><\/svg>\t\t\t<\/span>\n\t\t\t\t\t\t\t\t<\/span>\n\t\t\t\t\t<\/a>\n\t\t\t\t<\/div>\n\t\t\t\t\t\t\t\t<\/div>\n\t\t\t\t<\/div>\n\t\t\t\t<div class=\"elementor-element elementor-element-719c85f elementor-absolute reboot-slider-right elementor-widget elementor-widget-button\" data-id=\"719c85f\" data-element_type=\"widget\" data-settings=\"{&quot;_position&quot;:&quot;absolute&quot;}\" data-widget_type=\"button.default\">\n\t\t\t\t<div class=\"elementor-widget-container\">\n\t\t\t\t\t\t\t\t\t<div class=\"elementor-button-wrapper\">\n\t\t\t\t\t<a class=\"elementor-button elementor-button-link elementor-size-sm\" href=\"#\">\n\t\t\t\t\t\t<span class=\"elementor-button-content-wrapper\">\n\t\t\t\t\t\t<span class=\"elementor-button-icon\">\n\t\t\t\t<svg aria-hidden=\"true\" class=\"e-font-icon-svg e-fas-arrow-right\" viewbox=\"0 0 448 512\" xmlns=\"http:\/\/www.w3.org\/2000\/svg\"><path d=\"M190.5 66.9l22.2-22.2c9.4-9.4 24.6-9.4 33.9 0L441 239c9.4 9.4 9.4 24.6 0 33.9L246.6 467.3c-9.4 9.4-24.6 9.4-33.9 0l-22.2-22.2c-9.5-9.5-9.3-25 .4-34.3L311.4 296H24c-13.3 0-24-10.7-24-24v-32c0-13.3 10.7-24 24-24h287.4L190.9 101.2c-9.8-9.3-10-24.8-.4-34.3z\"><\/path><\/svg>\t\t\t<\/span>\n\t\t\t\t\t\t\t\t<\/span>\n\t\t\t\t\t<\/a>\n\t\t\t\t<\/div>\n\t\t\t\t\t\t\t\t<\/div>\n\t\t\t\t<\/div>\n\t\t\t\t<\/div>\n\t\t\t\t<\/div>\n\t\t\t\t<\/div>\n\t\t\t\t<\/div>\n\t\t\t\t<\/div>","protected":false},"excerpt":{"rendered":"<p>Somos una asociaci\u00f3n evangel\u00edstica interdenominacional Iglesias y Denominaciones &#8220;Chile ser\u00e1 para Cristo, de norte a sur, de cordillera a mar&#8221; Somos una asociaci\u00f3n evangel\u00edstica interdenominacional, presidida por elevangelista Nataniel S\u00e1ez, quien ha recibido un llamado de Dios y una pasi\u00f3ndesbordante por la salvaci\u00f3n de los perdidos y el avivamiento que sacuda cadarinc\u00f3n de Chile. Una [&hellip;]<\/p>","protected":false},"author":1,"featured_media":0,"parent":0,"menu_order":0,"comment_status":"closed","ping_status":"closed","template":"elementor_header_footer","meta":{"_siteseo_robots_primary_cat":"","footnotes":""},"class_list":["post-11","page","type-page","status-publish","hentry"],"_links":{"self":[{"href":"https:\/\/idyhaced.com\/en\/wp-json\/wp\/v2\/pages\/11","targetHints":{"allow":["GET"]}}],"collection":[{"href":"https:\/\/idyhaced.com\/en\/wp-json\/wp\/v2\/pages"}],"about":[{"href":"https:\/\/idyhaced.com\/en\/wp-json\/wp\/v2\/types\/page"}],"author":[{"embeddable":true,"href":"https:\/\/idyhaced.com\/en\/wp-json\/wp\/v2\/users\/1"}],"replies":[{"embeddable":true,"href":"https:\/\/idyhaced.com\/en\/wp-json\/wp\/v2\/comments?post=11"}],"version-history":[{"count":571,"href":"https:\/\/idyhaced.com\/en\/wp-json\/wp\/v2\/pages\/11\/revisions"}],"predecessor-version":[{"id":5555,"href":"https:\/\/idyhaced.com\/en\/wp-json\/wp\/v2\/pages\/11\/revisions\/5555"}],"wp:attachment":[{"href":"https:\/\/idyhaced.com\/en\/wp-json\/wp\/v2\/media?parent=11"}],"curies":[{"name":"wp","href":"https:\/\/api.w.org\/{rel}","templated":true}]}}